{"id":20680,"date":"2025-01-22T23:32:20","date_gmt":"2025-01-22T22:32:20","guid":{"rendered":"https:\/\/editionsdespetitspas.com\/?post_type=product&#038;p=20680"},"modified":"2025-04-03T12:31:03","modified_gmt":"2025-04-03T10:31:03","slug":"definir-sa-mission-de-famille","status":"publish","type":"product","link":"https:\/\/editionsdespetitspas.com\/index.php\/produit\/definir-sa-mission-de-famille\/","title":{"rendered":"D\u00e9finir sa mission de famille"},"content":{"rendered":"<p><strong><em>*** Exclusif: \u00ab\u00a0D\u00e9finir sa mission de famille\u00a0\u00bb est gratuit pour tous les participants au <a href=\"https:\/\/sommet-sur-leducation-a-la-maison-ief-2025.heysummit.com\/?ac=cVeIcX4p\">Sommet sur l&rsquo;\u00e9ducation \u00e0 la maison \/ IEF 2025<\/a>!***<\/em><\/strong><\/p>\n<ul>\n<li>Votre vie de famille n&rsquo;est pas \u00e0 la hauteur de vos esp\u00e9rances?<\/li>\n<li>Il vous arrive de regretter s\u00e9rieusement l&rsquo;\u00e9poque o\u00f9 vous n&rsquo;aviez pas de famille?<\/li>\n<li>Vous vous sentez d\u00e9connect\u00e9 de votre conjoint, de vos enfants, vous avez l&rsquo;impression de courir dans la roue du hamster sans savoir o\u00f9 cela vous m\u00e8nera?<\/li>\n<li>Vous n&rsquo;avez pas forc\u00e9ment h\u00e2te de rentrer \u00e0 la maison le soir, l&rsquo;ambiance dans la fratrie vous blesse?<\/li>\n<li>Vous r\u00eavez d&rsquo;une famille qui soit \u00e0 la fois votre cocon et votre plateforme de lancement, o\u00f9 chacun se ressource et r\u00e9alise ses r\u00eaves? Vous aimeriez que votre famille fasse \u00e9quipe, soit soud\u00e9e, loyale, joyeuse, vive des aventures et profite du quotidien?<\/li>\n<\/ul>\n<h2>Si vous le souhaitez, votre famille peut \u00e9voluer!<\/h2>\n<p>Lorsque vous montez dans un avion, <strong>vous savez o\u00f9 vous souhaitez aller<\/strong> et avez achet\u00e9 votre billet en cons\u00e9quence. Normalement vous esp\u00e9rez tr\u00e8s fort que le pilote vous am\u00e8ne exactement \u00e0 cette destination&#8230;<\/p>\n<p>Si c&rsquo;est vrai pour un avion, \u00e7a l&rsquo;est encore plus pour votre famille. <strong>Non, votre famille n&rsquo;est pas \u00e0 la merci des vents, des influences contraires, des modes et des opinions des uns et des autres<\/strong>: vous pouvez choisir ce qui s&rsquo;y passe, et en faire la famille qui vous convient.<\/p>\n<h2>Comment faire?<\/h2>\n<p><strong>D\u00e9finir la mission de famille<\/strong> est la premi\u00e8re \u00e9tape de ce processus: elle d\u00e9termine votre vision, votre mission, vos valeurs, ce qui vous anime et ce dont vous r\u00eavez.<\/p>\n<p>Ce document vous aide concr\u00e8tement \u00e0 d\u00e9finir, composer et incarner votre mission de famille, en trois \u00e9tapes claires. \u00ab\u00a0D\u00e9finir notre mission de famille\u00a0\u00bb est la premi\u00e8re \u00e9tape pour imaginer la culture familiale qui vous correspond, adapt\u00e9e sur mesure \u00e0 votre famille unique.<\/p>\n<h2>Que contient ce document?<\/h2>\n<p>\u00ab\u00a0D\u00e9finir notre mission de famille\u00a0\u00bb est un document PDF de 8 pages. C&rsquo;est un accompagnement pas \u00e0 pas \u00e0 la r\u00e9flexion, la composition et l&rsquo;utilisation de la mission de famille.<\/p>\n<p>&nbsp;<\/p>\n<p><strong>** Attention: \u00ab\u00a0D\u00e9finir sa mission de famille\u00a0\u00bb est un document PDF. Vous recevrez un lien pour la t\u00e9l\u00e9charger dans votre bo\u00eete mail. Vous ne recevrez pas de fichier physique. Une fois achet\u00e9, aucun remboursement ne pourra \u00eatre \u00e9mis.**\u00a0<\/strong><\/p>\n<p>&nbsp;<\/p>\n<p>&nbsp;<\/p>\n","protected":false},"excerpt":{"rendered":"<p><strong><em>*** Exclusif: \u00ab\u00a0D\u00e9finir sa mission de famille\u00a0\u00bb est gratuit pour tous les participants au <a href=\"https:\/\/sommet-sur-leducation-a-la-maison-ief-2025.heysummit.com\/?ac=cVeIcX4p\">Sommet sur l&rsquo;\u00e9ducation \u00e0 la maison \/ IEF 2025<\/a>!***<\/em><\/strong><\/p>\n<ul>\n<li>Votre vie de famille n&rsquo;est pas \u00e0 la hauteur de vos esp\u00e9rances?<\/li>\n<li>Il vous arrive de regretter s\u00e9rieusement l&rsquo;\u00e9poque o\u00f9 vous n&rsquo;aviez pas de famille?<\/li>\n<li>Vous vous sentez d\u00e9connect\u00e9 de votre conjoint, de vos enfants, vous avez l&rsquo;impression de courir dans la roue du hamster sans savoir o\u00f9 cela vous m\u00e8nera?<\/li>\n<li>Vous n&rsquo;avez pas forc\u00e9ment h\u00e2te de rentrer \u00e0 la maison le soir, l&rsquo;ambiance dans la fratrie vous blesse?<\/li>\n<li>Vous r\u00eavez d&rsquo;une famille qui soit \u00e0 la fois votre cocon et votre plateforme de lancement, o\u00f9 chacun se ressource et r\u00e9alise ses r\u00eaves? Vous aimeriez que votre famille fasse \u00e9quipe, soit soud\u00e9e, loyale, joyeuse, vive des aventures et profite du quotidien?<\/li>\n<\/ul>\n<p>Bonne nouvelle: en travaillant sur sa culture familiale, on peut r\u00e9soudre bien des soucis et transformer sa famille pour qu&rsquo;elle devienne le meilleur atout de chacun de ses membres. La toute premi\u00e8re \u00e9tape, c&rsquo;est de d\u00e9finir sa mission de famille.<\/p>\n<p>Le document \u00ab\u00a0cr\u00e9er notre mission de famille\u00a0\u00bb vous permettra tr\u00e8s concr\u00e8tement de d\u00e9finir votre mission de famille: votre vision, votre mission, vos valeurs, vos r\u00eaves, vos objectifs, vos forces&#8230; Un support essentiel pour entamer ce travail d&rsquo;introspection et devenir la famille dont vous r\u00eavez.<\/p>\n<p>&nbsp;<\/p>\n<p><strong>** Attention: \u00ab\u00a0D\u00e9finir sa mission de famille\u00a0\u00bb est un fichier PDF. Vous recevrez un lien pour la t\u00e9l\u00e9charger dans votre bo\u00eete mail. Vous ne recevrez pas de fichier physique. Une fois achet\u00e9, aucun remboursement ne pourra \u00eatre \u00e9mis.**\u00a0<\/strong><\/p>\n<p>&nbsp;<\/p>\n","protected":false},"featured_media":20686,"template":"","meta":{"site-sidebar-layout":"default","site-content-layout":"default","ast-site-content-layout":"default","site-content-style":"default","site-sidebar-style":"default","ast-global-header-display":"","ast-banner-title-visibility":"","ast-main-header-display":"","ast-hfb-above-header-display":"","ast-hfb-below-header-display":"","ast-hfb-mobile-header-display":"","site-post-title":"","ast-breadcrumbs-content":"","ast-featured-img":"","footer-sml-layout":"","theme-transparent-header-meta":"default","adv-header-id-meta":"","stick-header-meta":"","header-above-stick-meta":"","header-main-stick-meta":"","header-below-stick-meta":"","astra-migrate-meta-layouts":"set","ast-page-background-enabled":"default","ast-page-background-meta":{"desktop":{"background-color":"var(--ast-global-color-4)","background-image":"","background-repeat":"repeat","background-position":"center center","background-size":"auto","background-attachment":"scroll","background-type":"","background-media":"","overlay-type":"","overlay-color":"","overlay-opacity":"","overlay-gradient":""},"tablet":{"background-color":"","background-image":"","background-repeat":"repeat","background-position":"center center","background-size":"auto","background-attachment":"scroll","background-type":"","background-media":"","overlay-type":"","overlay-color":"","overlay-opacity":"","overlay-gradient":""},"mobile":{"background-color":"","background-image":"","background-repeat":"repeat","background-position":"center center","background-size":"auto","background-attachment":"scroll","background-type":"","background-media":"","overlay-type":"","overlay-color":"","overlay-opacity":"","overlay-gradient":""}},"ast-content-background-meta":{"desktop":{"background-color":"var(--ast-global-color-5)","background-image":"","background-repeat":"repeat","background-position":"center center","background-size":"auto","background-attachment":"scroll","background-type":"","background-media":"","overlay-type":"","overlay-color":"","overlay-opacity":"","overlay-gradient":""},"tablet":{"background-color":"var(--ast-global-color-5)","background-image":"","background-repeat":"repeat","background-position":"center center","background-size":"auto","background-attachment":"scroll","background-type":"","background-media":"","overlay-type":"","overlay-color":"","overlay-opacity":"","overlay-gradient":""},"mobile":{"background-color":"var(--ast-global-color-5)","background-image":"","background-repeat":"repeat","background-position":"center center","background-size":"auto","background-attachment":"scroll","background-type":"","background-media":"","overlay-type":"","overlay-color":"","overlay-opacity":"","overlay-gradient":""}}},"product_brand":[],"product_cat":[225],"product_tag":[263,264,262,265,267,268,266],"class_list":{"0":"post-20680","1":"product","2":"type-product","3":"status-publish","4":"has-post-thumbnail","6":"product_cat-outils","7":"product_tag-culture","8":"product_tag-culture-familiale","9":"product_tag-famille","10":"product_tag-mission","11":"product_tag-objectifs","12":"product_tag-valeurs","13":"product_tag-vision","14":"desktop-align-left","15":"tablet-align-left","16":"mobile-align-left","18":"first","19":"outofstock","20":"downloadable","21":"virtual","22":"taxable","23":"purchasable","24":"product-type-simple"},"yoast_head":"<!-- This site is optimized with the Yoast SEO plugin v24.3 - https:\/\/yoast.com\/wordpress\/plugins\/seo\/ -->\n<title>D\u00e9finir sa mission de famille - Editions des Petits Pas<\/title>\n<meta name=\"description\" content=\"D\u00e9finir votre mission de famille est la premi\u00e8re \u00e9tape de votre culture familiale: vision, mission, objectifs pour une famille qui vous ressemble!\" \/>\n<meta name=\"robots\" content=\"index, follow, max-snippet:-1, max-image-preview:large, max-video-preview:-1\" \/>\n<link rel=\"canonical\" href=\"https:\/\/editionsdespetitspas.com\/index.php\/produit\/definir-sa-mission-de-famille\/\" \/>\n<meta property=\"og:locale\" content=\"fr_FR\" \/>\n<meta property=\"og:type\" content=\"article\" \/>\n<meta property=\"og:title\" content=\"D\u00e9finir sa mission de famille - Editions des Petits Pas\" \/>\n<meta property=\"og:description\" content=\"D\u00e9finir votre mission de famille est la premi\u00e8re \u00e9tape de votre culture familiale: vision, mission, objectifs pour une famille qui vous ressemble!\" \/>\n<meta property=\"og:url\" content=\"https:\/\/editionsdespetitspas.com\/index.php\/produit\/definir-sa-mission-de-famille\/\" \/>\n<meta property=\"og:site_name\" content=\"Editions des Petits Pas\" \/>\n<meta property=\"article:publisher\" content=\"https:\/\/www.facebook.com\/editionsdespetitspas\" \/>\n<meta property=\"article:modified_time\" content=\"2025-04-03T10:31:03+00:00\" \/>\n<meta property=\"og:image\" content=\"https:\/\/editionsdespetitspas.com\/wp-content\/uploads\/2025\/01\/Capture-decran-2025-01-22-a-23.15.40.png\" \/>\n\t<meta property=\"og:image:width\" content=\"470\" \/>\n\t<meta property=\"og:image:height\" content=\"659\" \/>\n\t<meta property=\"og:image:type\" content=\"image\/png\" \/>\n<meta name=\"twitter:card\" content=\"summary_large_image\" \/>\n<meta name=\"twitter:label1\" content=\"Dur\u00e9e de lecture estim\u00e9e\" \/>\n\t<meta name=\"twitter:data1\" content=\"3 minutes\" \/>\n<script type=\"application\/ld+json\" class=\"yoast-schema-graph\">{\"@context\":\"https:\/\/schema.org\",\"@graph\":[{\"@type\":\"WebPage\",\"@id\":\"https:\/\/editionsdespetitspas.com\/index.php\/produit\/definir-sa-mission-de-famille\/\",\"url\":\"https:\/\/editionsdespetitspas.com\/index.php\/produit\/definir-sa-mission-de-famille\/\",\"name\":\"D\u00e9finir sa mission de famille - Editions des Petits Pas\",\"isPartOf\":{\"@id\":\"https:\/\/editionsdespetitspas.com\/#website\"},\"primaryImageOfPage\":{\"@id\":\"https:\/\/editionsdespetitspas.com\/index.php\/produit\/definir-sa-mission-de-famille\/#primaryimage\"},\"image\":{\"@id\":\"https:\/\/editionsdespetitspas.com\/index.php\/produit\/definir-sa-mission-de-famille\/#primaryimage\"},\"thumbnailUrl\":\"https:\/\/editionsdespetitspas.com\/wp-content\/uploads\/2025\/01\/Capture-decran-2025-01-22-a-23.15.40.png\",\"datePublished\":\"2025-01-22T22:32:20+00:00\",\"dateModified\":\"2025-04-03T10:31:03+00:00\",\"description\":\"D\u00e9finir votre mission de famille est la premi\u00e8re \u00e9tape de votre culture familiale: vision, mission, objectifs pour une famille qui vous ressemble!\",\"breadcrumb\":{\"@id\":\"https:\/\/editionsdespetitspas.com\/index.php\/produit\/definir-sa-mission-de-famille\/#breadcrumb\"},\"inLanguage\":\"fr-FR\",\"potentialAction\":[{\"@type\":\"ReadAction\",\"target\":[\"https:\/\/editionsdespetitspas.com\/index.php\/produit\/definir-sa-mission-de-famille\/\"]}]},{\"@type\":\"ImageObject\",\"inLanguage\":\"fr-FR\",\"@id\":\"https:\/\/editionsdespetitspas.com\/index.php\/produit\/definir-sa-mission-de-famille\/#primaryimage\",\"url\":\"https:\/\/editionsdespetitspas.com\/wp-content\/uploads\/2025\/01\/Capture-decran-2025-01-22-a-23.15.40.png\",\"contentUrl\":\"https:\/\/editionsdespetitspas.com\/wp-content\/uploads\/2025\/01\/Capture-decran-2025-01-22-a-23.15.40.png\",\"width\":470,\"height\":659,\"caption\":\"premi\u00e8re page du document \\\"notre mission de famille\\\" pour cr\u00e9er sa mission de famille\"},{\"@type\":\"BreadcrumbList\",\"@id\":\"https:\/\/editionsdespetitspas.com\/index.php\/produit\/definir-sa-mission-de-famille\/#breadcrumb\",\"itemListElement\":[{\"@type\":\"ListItem\",\"position\":1,\"name\":\"Accueil\",\"item\":\"https:\/\/editionsdespetitspas.com\/\"},{\"@type\":\"ListItem\",\"position\":2,\"name\":\"La librairie des Petits Pas\",\"item\":\"https:\/\/editionsdespetitspas.com\/\"},{\"@type\":\"ListItem\",\"position\":3,\"name\":\"D\u00e9finir sa mission de famille\"}]},{\"@type\":\"WebSite\",\"@id\":\"https:\/\/editionsdespetitspas.com\/#website\",\"url\":\"https:\/\/editionsdespetitspas.com\/\",\"name\":\"Editions des Petits Pas\",\"description\":\"Les p\u00e9dagogies... toutes les p\u00e9dagogies\",\"publisher\":{\"@id\":\"https:\/\/editionsdespetitspas.com\/#organization\"},\"potentialAction\":[{\"@type\":\"SearchAction\",\"target\":{\"@type\":\"EntryPoint\",\"urlTemplate\":\"https:\/\/editionsdespetitspas.com\/?s={search_term_string}\"},\"query-input\":{\"@type\":\"PropertyValueSpecification\",\"valueRequired\":true,\"valueName\":\"search_term_string\"}}],\"inLanguage\":\"fr-FR\"},{\"@type\":\"Organization\",\"@id\":\"https:\/\/editionsdespetitspas.com\/#organization\",\"name\":\"Editions des petits pas\",\"url\":\"https:\/\/editionsdespetitspas.com\/\",\"logo\":{\"@type\":\"ImageObject\",\"inLanguage\":\"fr-FR\",\"@id\":\"https:\/\/editionsdespetitspas.com\/#\/schema\/logo\/image\/\",\"url\":\"https:\/\/editionsdespetitspas.com\/wp-content\/uploads\/2018\/11\/cropped-cropped-cropped-logo_rvb_couleurs_horizontal_edpp-e1544882037341.png\",\"contentUrl\":\"https:\/\/editionsdespetitspas.com\/wp-content\/uploads\/2018\/11\/cropped-cropped-cropped-logo_rvb_couleurs_horizontal_edpp-e1544882037341.png\",\"width\":200,\"height\":109,\"caption\":\"Editions des petits pas\"},\"image\":{\"@id\":\"https:\/\/editionsdespetitspas.com\/#\/schema\/logo\/image\/\"},\"sameAs\":[\"https:\/\/www.facebook.com\/editionsdespetitspas\",\"https:\/\/www.instagram.com\/editions_des_petits_pas\/\"]}]}<\/script>\n<!-- \/ Yoast SEO plugin. -->","yoast_head_json":{"title":"D\u00e9finir sa mission de famille - Editions des Petits Pas","description":"D\u00e9finir votre mission de famille est la premi\u00e8re \u00e9tape de votre culture familiale: vision, mission, objectifs pour une famille qui vous ressemble!","robots":{"index":"index","follow":"follow","max-snippet":"max-snippet:-1","max-image-preview":"max-image-preview:large","max-video-preview":"max-video-preview:-1"},"canonical":"https:\/\/editionsdespetitspas.com\/index.php\/produit\/definir-sa-mission-de-famille\/","og_locale":"fr_FR","og_type":"article","og_title":"D\u00e9finir sa mission de famille - Editions des Petits Pas","og_description":"D\u00e9finir votre mission de famille est la premi\u00e8re \u00e9tape de votre culture familiale: vision, mission, objectifs pour une famille qui vous ressemble!","og_url":"https:\/\/editionsdespetitspas.com\/index.php\/produit\/definir-sa-mission-de-famille\/","og_site_name":"Editions des Petits Pas","article_publisher":"https:\/\/www.facebook.com\/editionsdespetitspas","article_modified_time":"2025-04-03T10:31:03+00:00","og_image":[{"width":470,"height":659,"url":"https:\/\/editionsdespetitspas.com\/wp-content\/uploads\/2025\/01\/Capture-decran-2025-01-22-a-23.15.40.png","type":"image\/png"}],"twitter_card":"summary_large_image","twitter_misc":{"Dur\u00e9e de lecture estim\u00e9e":"3 minutes"},"schema":{"@context":"https:\/\/schema.org","@graph":[{"@type":"WebPage","@id":"https:\/\/editionsdespetitspas.com\/index.php\/produit\/definir-sa-mission-de-famille\/","url":"https:\/\/editionsdespetitspas.com\/index.php\/produit\/definir-sa-mission-de-famille\/","name":"D\u00e9finir sa mission de famille - Editions des Petits Pas","isPartOf":{"@id":"https:\/\/editionsdespetitspas.com\/#website"},"primaryImageOfPage":{"@id":"https:\/\/editionsdespetitspas.com\/index.php\/produit\/definir-sa-mission-de-famille\/#primaryimage"},"image":{"@id":"https:\/\/editionsdespetitspas.com\/index.php\/produit\/definir-sa-mission-de-famille\/#primaryimage"},"thumbnailUrl":"https:\/\/editionsdespetitspas.com\/wp-content\/uploads\/2025\/01\/Capture-decran-2025-01-22-a-23.15.40.png","datePublished":"2025-01-22T22:32:20+00:00","dateModified":"2025-04-03T10:31:03+00:00","description":"D\u00e9finir votre mission de famille est la premi\u00e8re \u00e9tape de votre culture familiale: vision, mission, objectifs pour une famille qui vous ressemble!","breadcrumb":{"@id":"https:\/\/editionsdespetitspas.com\/index.php\/produit\/definir-sa-mission-de-famille\/#breadcrumb"},"inLanguage":"fr-FR","potentialAction":[{"@type":"ReadAction","target":["https:\/\/editionsdespetitspas.com\/index.php\/produit\/definir-sa-mission-de-famille\/"]}]},{"@type":"ImageObject","inLanguage":"fr-FR","@id":"https:\/\/editionsdespetitspas.com\/index.php\/produit\/definir-sa-mission-de-famille\/#primaryimage","url":"https:\/\/editionsdespetitspas.com\/wp-content\/uploads\/2025\/01\/Capture-decran-2025-01-22-a-23.15.40.png","contentUrl":"https:\/\/editionsdespetitspas.com\/wp-content\/uploads\/2025\/01\/Capture-decran-2025-01-22-a-23.15.40.png","width":470,"height":659,"caption":"premi\u00e8re page du document \"notre mission de famille\" pour cr\u00e9er sa mission de famille"},{"@type":"BreadcrumbList","@id":"https:\/\/editionsdespetitspas.com\/index.php\/produit\/definir-sa-mission-de-famille\/#breadcrumb","itemListElement":[{"@type":"ListItem","position":1,"name":"Accueil","item":"https:\/\/editionsdespetitspas.com\/"},{"@type":"ListItem","position":2,"name":"La librairie des Petits Pas","item":"https:\/\/editionsdespetitspas.com\/"},{"@type":"ListItem","position":3,"name":"D\u00e9finir sa mission de famille"}]},{"@type":"WebSite","@id":"https:\/\/editionsdespetitspas.com\/#website","url":"https:\/\/editionsdespetitspas.com\/","name":"Editions des Petits Pas","description":"Les p\u00e9dagogies... toutes les p\u00e9dagogies","publisher":{"@id":"https:\/\/editionsdespetitspas.com\/#organization"},"potentialAction":[{"@type":"SearchAction","target":{"@type":"EntryPoint","urlTemplate":"https:\/\/editionsdespetitspas.com\/?s={search_term_string}"},"query-input":{"@type":"PropertyValueSpecification","valueRequired":true,"valueName":"search_term_string"}}],"inLanguage":"fr-FR"},{"@type":"Organization","@id":"https:\/\/editionsdespetitspas.com\/#organization","name":"Editions des petits pas","url":"https:\/\/editionsdespetitspas.com\/","logo":{"@type":"ImageObject","inLanguage":"fr-FR","@id":"https:\/\/editionsdespetitspas.com\/#\/schema\/logo\/image\/","url":"https:\/\/editionsdespetitspas.com\/wp-content\/uploads\/2018\/11\/cropped-cropped-cropped-logo_rvb_couleurs_horizontal_edpp-e1544882037341.png","contentUrl":"https:\/\/editionsdespetitspas.com\/wp-content\/uploads\/2018\/11\/cropped-cropped-cropped-logo_rvb_couleurs_horizontal_edpp-e1544882037341.png","width":200,"height":109,"caption":"Editions des petits pas"},"image":{"@id":"https:\/\/editionsdespetitspas.com\/#\/schema\/logo\/image\/"},"sameAs":["https:\/\/www.facebook.com\/editionsdespetitspas","https:\/\/www.instagram.com\/editions_des_petits_pas\/"]}]}},"jetpack_sharing_enabled":true,"_links":{"self":[{"href":"https:\/\/editionsdespetitspas.com\/index.php\/wp-json\/wp\/v2\/product\/20680","targetHints":{"allow":["GET"]}}],"collection":[{"href":"https:\/\/editionsdespetitspas.com\/index.php\/wp-json\/wp\/v2\/product"}],"about":[{"href":"https:\/\/editionsdespetitspas.com\/index.php\/wp-json\/wp\/v2\/types\/product"}],"wp:featuredmedia":[{"embeddable":true,"href":"https:\/\/editionsdespetitspas.com\/index.php\/wp-json\/wp\/v2\/media\/20686"}],"wp:attachment":[{"href":"https:\/\/editionsdespetitspas.com\/index.php\/wp-json\/wp\/v2\/media?parent=20680"}],"wp:term":[{"taxonomy":"product_brand","embeddable":true,"href":"https:\/\/editionsdespetitspas.com\/index.php\/wp-json\/wp\/v2\/product_brand?post=20680"},{"taxonomy":"product_cat","embeddable":true,"href":"https:\/\/editionsdespetitspas.com\/index.php\/wp-json\/wp\/v2\/product_cat?post=20680"},{"taxonomy":"product_tag","embeddable":true,"href":"https:\/\/editionsdespetitspas.com\/index.php\/wp-json\/wp\/v2\/product_tag?post=20680"}],"curies":[{"name":"wp","href":"https:\/\/api.w.org\/{rel}","templated":true}]}}