{"id":18886,"date":"2022-01-03T15:33:00","date_gmt":"2022-01-03T14:33:00","guid":{"rendered":"https:\/\/editionsdespetitspas.com\/?page_id=18886"},"modified":"2022-01-03T15:33:56","modified_gmt":"2022-01-03T14:33:56","slug":"vois-tu-comptines","status":"publish","type":"page","link":"https:\/\/editionsdespetitspas.com\/index.php\/vois-tu-comptines\/","title":{"rendered":"Vois-tu comme j&rsquo;\u00e9coute ?"},"content":{"rendered":"<p>Sabine M\u00e9raud est musicienne intervenante aupr\u00e8s de tr\u00e8s jeunes enfants. Pour accompagner la lecture de son ouvrage \u00ab\u00a0Vois-tu comme j&rsquo;\u00e9coute &#8211; Petit guide pratique d&rsquo;\u00e9veil musical de la naissance \u00e0 trois ans\u00a0\u00bb, elle vous propose d&rsquo;\u00e9couter les diff\u00e9rentes comptines et rituels pr\u00e9sent\u00e9s dans le livre. <\/p><figure class=\"wp-block-image size-large\"><img loading=\"lazy\" decoding=\"async\" width=\"1024\" height=\"746\" src=\"https:\/\/editionsdespetitspas.com\/wp-content\/uploads\/2022\/01\/Couverture-VTCJ-Web-02-1024x746.jpg\" alt=\"\" class=\"wp-image-19599\" srcset=\"https:\/\/editionsdespetitspas.com\/wp-content\/uploads\/2022\/01\/Couverture-VTCJ-Web-02-1024x746.jpg 1024w, https:\/\/editionsdespetitspas.com\/wp-content\/uploads\/2022\/01\/Couverture-VTCJ-Web-02-484x353.jpg 484w, https:\/\/editionsdespetitspas.com\/wp-content\/uploads\/2022\/01\/Couverture-VTCJ-Web-02-300x219.jpg 300w, https:\/\/editionsdespetitspas.com\/wp-content\/uploads\/2022\/01\/Couverture-VTCJ-Web-02-768x559.jpg 768w, https:\/\/editionsdespetitspas.com\/wp-content\/uploads\/2022\/01\/Couverture-VTCJ-Web-02.jpg 1200w\" sizes=\"auto, (max-width: 1024px) 100vw, 1024px\" \/><\/figure><p><\/p><p class=\"has-medium-font-size\"><br><br><strong>Rituel pour jouer le silence<\/strong><\/p><figure class=\"wp-block-audio\"><audio controls src=\"https:\/\/editionsdespetitspas.com\/wp-content\/uploads\/2022\/01\/1-rituel-tape-sur-tes-cuisses.mp3\"><\/audio><\/figure><figure class=\"wp-block-image size-large\"><img loading=\"lazy\" decoding=\"async\" width=\"1024\" height=\"148\" src=\"https:\/\/editionsdespetitspas.com\/wp-content\/uploads\/2022\/01\/Rituel-01-Web-1024x148.jpg\" alt=\"\" class=\"wp-image-19603\" srcset=\"https:\/\/editionsdespetitspas.com\/wp-content\/uploads\/2022\/01\/Rituel-01-Web-1024x148.jpg 1024w, https:\/\/editionsdespetitspas.com\/wp-content\/uploads\/2022\/01\/Rituel-01-Web-484x70.jpg 484w, https:\/\/editionsdespetitspas.com\/wp-content\/uploads\/2022\/01\/Rituel-01-Web-300x44.jpg 300w, https:\/\/editionsdespetitspas.com\/wp-content\/uploads\/2022\/01\/Rituel-01-Web-768x111.jpg 768w, https:\/\/editionsdespetitspas.com\/wp-content\/uploads\/2022\/01\/Rituel-01-Web.jpg 1200w\" sizes=\"auto, (max-width: 1024px) 100vw, 1024px\" \/><\/figure><p class=\"has-medium-font-size\"><strong>Rituel pour jouer de la voix<\/strong><\/p><figure class=\"wp-block-audio\"><audio controls src=\"https:\/\/editionsdespetitspas.com\/wp-content\/uploads\/2022\/01\/2-rituel-mes-petites-mains.mp3\"><\/audio><\/figure><figure class=\"wp-block-image size-large\"><img loading=\"lazy\" decoding=\"async\" width=\"1024\" height=\"336\" src=\"https:\/\/editionsdespetitspas.com\/wp-content\/uploads\/2022\/01\/Rituel-02-Web-1024x336.jpg\" alt=\"\" class=\"wp-image-19612\" srcset=\"https:\/\/editionsdespetitspas.com\/wp-content\/uploads\/2022\/01\/Rituel-02-Web-1024x336.jpg 1024w, https:\/\/editionsdespetitspas.com\/wp-content\/uploads\/2022\/01\/Rituel-02-Web-484x159.jpg 484w, https:\/\/editionsdespetitspas.com\/wp-content\/uploads\/2022\/01\/Rituel-02-Web-300x99.jpg 300w, https:\/\/editionsdespetitspas.com\/wp-content\/uploads\/2022\/01\/Rituel-02-Web-768x252.jpg 768w, https:\/\/editionsdespetitspas.com\/wp-content\/uploads\/2022\/01\/Rituel-02-Web.jpg 1200w\" sizes=\"auto, (max-width: 1024px) 100vw, 1024px\" \/><\/figure><p class=\"has-medium-font-size\"><meta charset=\"utf-8\"><strong>Rituel pour jouer des percussions ou objets sonores<\/strong><\/p><figure class=\"wp-block-audio\"><audio controls src=\"https:\/\/editionsdespetitspas.com\/wp-content\/uploads\/2022\/01\/3-rituel-je-joue-de-la-musique.mp3\"><\/audio><\/figure><figure class=\"wp-block-image size-large\"><img loading=\"lazy\" decoding=\"async\" width=\"1024\" height=\"302\" src=\"https:\/\/editionsdespetitspas.com\/wp-content\/uploads\/2022\/01\/Rituel-03-Web-1024x302.jpg\" alt=\"\" class=\"wp-image-19614\" srcset=\"https:\/\/editionsdespetitspas.com\/wp-content\/uploads\/2022\/01\/Rituel-03-Web-1024x302.jpg 1024w, https:\/\/editionsdespetitspas.com\/wp-content\/uploads\/2022\/01\/Rituel-03-Web-484x143.jpg 484w, https:\/\/editionsdespetitspas.com\/wp-content\/uploads\/2022\/01\/Rituel-03-Web-300x89.jpg 300w, https:\/\/editionsdespetitspas.com\/wp-content\/uploads\/2022\/01\/Rituel-03-Web-768x227.jpg 768w, https:\/\/editionsdespetitspas.com\/wp-content\/uploads\/2022\/01\/Rituel-03-Web.jpg 1200w\" sizes=\"auto, (max-width: 1024px) 100vw, 1024px\" \/><\/figure><p class=\"has-medium-font-size\"><strong>Rituel pour ranger les instruments ou les jouets<\/strong><\/p><figure class=\"wp-block-audio\"><audio controls src=\"https:\/\/editionsdespetitspas.com\/wp-content\/uploads\/2022\/01\/4-rituel-les-instruments-fatigues.mp3\"><\/audio><\/figure><figure class=\"wp-block-image size-large\"><img loading=\"lazy\" decoding=\"async\" width=\"1024\" height=\"302\" src=\"https:\/\/editionsdespetitspas.com\/wp-content\/uploads\/2022\/01\/Fatigue02-Web-1024x302.jpg\" alt=\"\" class=\"wp-image-19616\" srcset=\"https:\/\/editionsdespetitspas.com\/wp-content\/uploads\/2022\/01\/Fatigue02-Web-1024x302.jpg 1024w, https:\/\/editionsdespetitspas.com\/wp-content\/uploads\/2022\/01\/Fatigue02-Web-484x143.jpg 484w, https:\/\/editionsdespetitspas.com\/wp-content\/uploads\/2022\/01\/Fatigue02-Web-300x89.jpg 300w, https:\/\/editionsdespetitspas.com\/wp-content\/uploads\/2022\/01\/Fatigue02-Web-768x227.jpg 768w, https:\/\/editionsdespetitspas.com\/wp-content\/uploads\/2022\/01\/Fatigue02-Web.jpg 1200w\" sizes=\"auto, (max-width: 1024px) 100vw, 1024px\" \/><\/figure>","protected":false},"excerpt":{"rendered":"<p>Sabine M\u00e9raud est musicienne intervenante aupr\u00e8s de tr\u00e8s jeunes enfants. Pour accompagner la lecture de son ouvrage \u00ab\u00a0Vois-tu comme j&rsquo;\u00e9coute &#8211; Petit guide pratique d&rsquo;\u00e9veil musical de la naissance \u00e0 trois ans\u00a0\u00bb, elle vous propose d&rsquo;\u00e9couter les diff\u00e9rentes comptines et rituels pr\u00e9sent\u00e9s dans le livre. Rituel pour jouer le silence Rituel pour jouer de la [&hellip;]<\/p>\n","protected":false},"author":2,"featured_media":0,"parent":0,"menu_order":0,"comment_status":"closed","ping_status":"closed","template":"","meta":{"site-sidebar-layout":"default","site-content-layout":"","ast-site-content-layout":"","site-content-style":"default","site-sidebar-style":"default","ast-global-header-display":"","ast-banner-title-visibility":"","ast-main-header-display":"","ast-hfb-above-header-display":"","ast-hfb-below-header-display":"","ast-hfb-mobile-header-display":"","site-post-title":"","ast-breadcrumbs-content":"","ast-featured-img":"","footer-sml-layout":"","theme-transparent-header-meta":"","adv-header-id-meta":"","stick-header-meta":"","header-above-stick-meta":"","header-main-stick-meta":"","header-below-stick-meta":"","astra-migrate-meta-layouts":"default","ast-page-background-enabled":"default","ast-page-background-meta":{"desktop":{"background-color":"var(--ast-global-color-4)","background-image":"","background-repeat":"repeat","background-position":"center center","background-size":"auto","background-attachment":"scroll","background-type":"","background-media":"","overlay-type":"","overlay-color":"","overlay-opacity":"","overlay-gradient":""},"tablet":{"background-color":"","background-image":"","background-repeat":"repeat","background-position":"center center","background-size":"auto","background-attachment":"scroll","background-type":"","background-media":"","overlay-type":"","overlay-color":"","overlay-opacity":"","overlay-gradient":""},"mobile":{"background-color":"","background-image":"","background-repeat":"repeat","background-position":"center center","background-size":"auto","background-attachment":"scroll","background-type":"","background-media":"","overlay-type":"","overlay-color":"","overlay-opacity":"","overlay-gradient":""}},"ast-content-background-meta":{"desktop":{"background-color":"var(--ast-global-color-5)","background-image":"","background-repeat":"repeat","background-position":"center center","background-size":"auto","background-attachment":"scroll","background-type":"","background-media":"","overlay-type":"","overlay-color":"","overlay-opacity":"","overlay-gradient":""},"tablet":{"background-color":"var(--ast-global-color-5)","background-image":"","background-repeat":"repeat","background-position":"center center","background-size":"auto","background-attachment":"scroll","background-type":"","background-media":"","overlay-type":"","overlay-color":"","overlay-opacity":"","overlay-gradient":""},"mobile":{"background-color":"var(--ast-global-color-5)","background-image":"","background-repeat":"repeat","background-position":"center center","background-size":"auto","background-attachment":"scroll","background-type":"","background-media":"","overlay-type":"","overlay-color":"","overlay-opacity":"","overlay-gradient":""}},"footnotes":""},"class_list":["post-18886","page","type-page","status-publish","hentry"],"yoast_head":"<!-- This site is optimized with the Yoast SEO plugin v24.3 - https:\/\/yoast.com\/wordpress\/plugins\/seo\/ -->\n<title>Vois-tu comme j&#039;\u00e9coute ? - Editions des Petits Pas<\/title>\n<meta name=\"description\" content=\"Petit guide pratique d&#039;\u00e9veil musical de la naissance \u00e0 trois ans.\" \/>\n<meta name=\"robots\" content=\"index, follow, max-snippet:-1, max-image-preview:large, max-video-preview:-1\" \/>\n<link rel=\"canonical\" href=\"https:\/\/editionsdespetitspas.com\/index.php\/vois-tu-comptines\/\" \/>\n<meta property=\"og:locale\" content=\"fr_FR\" \/>\n<meta property=\"og:type\" content=\"article\" \/>\n<meta property=\"og:title\" content=\"Vois-tu comme j&#039;\u00e9coute ? - Editions des Petits Pas\" \/>\n<meta property=\"og:description\" content=\"Petit guide pratique d&#039;\u00e9veil musical de la naissance \u00e0 trois ans.\" \/>\n<meta property=\"og:url\" content=\"https:\/\/editionsdespetitspas.com\/index.php\/vois-tu-comptines\/\" \/>\n<meta property=\"og:site_name\" content=\"Editions des Petits Pas\" \/>\n<meta property=\"article:publisher\" content=\"https:\/\/www.facebook.com\/editionsdespetitspas\" \/>\n<meta property=\"article:modified_time\" content=\"2022-01-03T14:33:56+00:00\" \/>\n<meta property=\"og:image\" content=\"https:\/\/editionsdespetitspas.com\/wp-content\/uploads\/2022\/01\/Couverture-VTCJ-Web-02-1024x746.jpg\" \/>\n<meta name=\"twitter:card\" content=\"summary_large_image\" \/>\n<script type=\"application\/ld+json\" class=\"yoast-schema-graph\">{\"@context\":\"https:\/\/schema.org\",\"@graph\":[{\"@type\":\"WebPage\",\"@id\":\"https:\/\/editionsdespetitspas.com\/index.php\/vois-tu-comptines\/\",\"url\":\"https:\/\/editionsdespetitspas.com\/index.php\/vois-tu-comptines\/\",\"name\":\"Vois-tu comme j'\u00e9coute ? - Editions des Petits Pas\",\"isPartOf\":{\"@id\":\"https:\/\/editionsdespetitspas.com\/#website\"},\"primaryImageOfPage\":{\"@id\":\"https:\/\/editionsdespetitspas.com\/index.php\/vois-tu-comptines\/#primaryimage\"},\"image\":{\"@id\":\"https:\/\/editionsdespetitspas.com\/index.php\/vois-tu-comptines\/#primaryimage\"},\"thumbnailUrl\":\"https:\/\/editionsdespetitspas.com\/wp-content\/uploads\/2022\/01\/Couverture-VTCJ-Web-02-1024x746.jpg\",\"datePublished\":\"2022-01-03T14:33:00+00:00\",\"dateModified\":\"2022-01-03T14:33:56+00:00\",\"description\":\"Petit guide pratique d'\u00e9veil musical de la naissance \u00e0 trois ans.\",\"breadcrumb\":{\"@id\":\"https:\/\/editionsdespetitspas.com\/index.php\/vois-tu-comptines\/#breadcrumb\"},\"inLanguage\":\"fr-FR\",\"potentialAction\":[{\"@type\":\"ReadAction\",\"target\":[\"https:\/\/editionsdespetitspas.com\/index.php\/vois-tu-comptines\/\"]}]},{\"@type\":\"ImageObject\",\"inLanguage\":\"fr-FR\",\"@id\":\"https:\/\/editionsdespetitspas.com\/index.php\/vois-tu-comptines\/#primaryimage\",\"url\":\"https:\/\/editionsdespetitspas.com\/wp-content\/uploads\/2022\/01\/Couverture-VTCJ-Web-02.jpg\",\"contentUrl\":\"https:\/\/editionsdespetitspas.com\/wp-content\/uploads\/2022\/01\/Couverture-VTCJ-Web-02.jpg\",\"width\":1200,\"height\":874},{\"@type\":\"BreadcrumbList\",\"@id\":\"https:\/\/editionsdespetitspas.com\/index.php\/vois-tu-comptines\/#breadcrumb\",\"itemListElement\":[{\"@type\":\"ListItem\",\"position\":1,\"name\":\"Accueil\",\"item\":\"https:\/\/editionsdespetitspas.com\/\"},{\"@type\":\"ListItem\",\"position\":2,\"name\":\"Vois-tu comme j&rsquo;\u00e9coute ?\"}]},{\"@type\":\"WebSite\",\"@id\":\"https:\/\/editionsdespetitspas.com\/#website\",\"url\":\"https:\/\/editionsdespetitspas.com\/\",\"name\":\"Editions des Petits Pas\",\"description\":\"Les p\u00e9dagogies... toutes les p\u00e9dagogies\",\"publisher\":{\"@id\":\"https:\/\/editionsdespetitspas.com\/#organization\"},\"potentialAction\":[{\"@type\":\"SearchAction\",\"target\":{\"@type\":\"EntryPoint\",\"urlTemplate\":\"https:\/\/editionsdespetitspas.com\/?s={search_term_string}\"},\"query-input\":{\"@type\":\"PropertyValueSpecification\",\"valueRequired\":true,\"valueName\":\"search_term_string\"}}],\"inLanguage\":\"fr-FR\"},{\"@type\":\"Organization\",\"@id\":\"https:\/\/editionsdespetitspas.com\/#organization\",\"name\":\"Editions des petits pas\",\"url\":\"https:\/\/editionsdespetitspas.com\/\",\"logo\":{\"@type\":\"ImageObject\",\"inLanguage\":\"fr-FR\",\"@id\":\"https:\/\/editionsdespetitspas.com\/#\/schema\/logo\/image\/\",\"url\":\"https:\/\/editionsdespetitspas.com\/wp-content\/uploads\/2018\/11\/cropped-cropped-cropped-logo_rvb_couleurs_horizontal_edpp-e1544882037341.png\",\"contentUrl\":\"https:\/\/editionsdespetitspas.com\/wp-content\/uploads\/2018\/11\/cropped-cropped-cropped-logo_rvb_couleurs_horizontal_edpp-e1544882037341.png\",\"width\":200,\"height\":109,\"caption\":\"Editions des petits pas\"},\"image\":{\"@id\":\"https:\/\/editionsdespetitspas.com\/#\/schema\/logo\/image\/\"},\"sameAs\":[\"https:\/\/www.facebook.com\/editionsdespetitspas\",\"https:\/\/www.instagram.com\/editions_des_petits_pas\/\"]}]}<\/script>\n<!-- \/ Yoast SEO plugin. -->","yoast_head_json":{"title":"Vois-tu comme j'\u00e9coute ? - Editions des Petits Pas","description":"Petit guide pratique d'\u00e9veil musical de la naissance \u00e0 trois ans.","robots":{"index":"index","follow":"follow","max-snippet":"max-snippet:-1","max-image-preview":"max-image-preview:large","max-video-preview":"max-video-preview:-1"},"canonical":"https:\/\/editionsdespetitspas.com\/index.php\/vois-tu-comptines\/","og_locale":"fr_FR","og_type":"article","og_title":"Vois-tu comme j'\u00e9coute ? - Editions des Petits Pas","og_description":"Petit guide pratique d'\u00e9veil musical de la naissance \u00e0 trois ans.","og_url":"https:\/\/editionsdespetitspas.com\/index.php\/vois-tu-comptines\/","og_site_name":"Editions des Petits Pas","article_publisher":"https:\/\/www.facebook.com\/editionsdespetitspas","article_modified_time":"2022-01-03T14:33:56+00:00","og_image":[{"url":"https:\/\/editionsdespetitspas.com\/wp-content\/uploads\/2022\/01\/Couverture-VTCJ-Web-02-1024x746.jpg","type":"","width":"","height":""}],"twitter_card":"summary_large_image","schema":{"@context":"https:\/\/schema.org","@graph":[{"@type":"WebPage","@id":"https:\/\/editionsdespetitspas.com\/index.php\/vois-tu-comptines\/","url":"https:\/\/editionsdespetitspas.com\/index.php\/vois-tu-comptines\/","name":"Vois-tu comme j'\u00e9coute ? - Editions des Petits Pas","isPartOf":{"@id":"https:\/\/editionsdespetitspas.com\/#website"},"primaryImageOfPage":{"@id":"https:\/\/editionsdespetitspas.com\/index.php\/vois-tu-comptines\/#primaryimage"},"image":{"@id":"https:\/\/editionsdespetitspas.com\/index.php\/vois-tu-comptines\/#primaryimage"},"thumbnailUrl":"https:\/\/editionsdespetitspas.com\/wp-content\/uploads\/2022\/01\/Couverture-VTCJ-Web-02-1024x746.jpg","datePublished":"2022-01-03T14:33:00+00:00","dateModified":"2022-01-03T14:33:56+00:00","description":"Petit guide pratique d'\u00e9veil musical de la naissance \u00e0 trois ans.","breadcrumb":{"@id":"https:\/\/editionsdespetitspas.com\/index.php\/vois-tu-comptines\/#breadcrumb"},"inLanguage":"fr-FR","potentialAction":[{"@type":"ReadAction","target":["https:\/\/editionsdespetitspas.com\/index.php\/vois-tu-comptines\/"]}]},{"@type":"ImageObject","inLanguage":"fr-FR","@id":"https:\/\/editionsdespetitspas.com\/index.php\/vois-tu-comptines\/#primaryimage","url":"https:\/\/editionsdespetitspas.com\/wp-content\/uploads\/2022\/01\/Couverture-VTCJ-Web-02.jpg","contentUrl":"https:\/\/editionsdespetitspas.com\/wp-content\/uploads\/2022\/01\/Couverture-VTCJ-Web-02.jpg","width":1200,"height":874},{"@type":"BreadcrumbList","@id":"https:\/\/editionsdespetitspas.com\/index.php\/vois-tu-comptines\/#breadcrumb","itemListElement":[{"@type":"ListItem","position":1,"name":"Accueil","item":"https:\/\/editionsdespetitspas.com\/"},{"@type":"ListItem","position":2,"name":"Vois-tu comme j&rsquo;\u00e9coute ?"}]},{"@type":"WebSite","@id":"https:\/\/editionsdespetitspas.com\/#website","url":"https:\/\/editionsdespetitspas.com\/","name":"Editions des Petits Pas","description":"Les p\u00e9dagogies... toutes les p\u00e9dagogies","publisher":{"@id":"https:\/\/editionsdespetitspas.com\/#organization"},"potentialAction":[{"@type":"SearchAction","target":{"@type":"EntryPoint","urlTemplate":"https:\/\/editionsdespetitspas.com\/?s={search_term_string}"},"query-input":{"@type":"PropertyValueSpecification","valueRequired":true,"valueName":"search_term_string"}}],"inLanguage":"fr-FR"},{"@type":"Organization","@id":"https:\/\/editionsdespetitspas.com\/#organization","name":"Editions des petits pas","url":"https:\/\/editionsdespetitspas.com\/","logo":{"@type":"ImageObject","inLanguage":"fr-FR","@id":"https:\/\/editionsdespetitspas.com\/#\/schema\/logo\/image\/","url":"https:\/\/editionsdespetitspas.com\/wp-content\/uploads\/2018\/11\/cropped-cropped-cropped-logo_rvb_couleurs_horizontal_edpp-e1544882037341.png","contentUrl":"https:\/\/editionsdespetitspas.com\/wp-content\/uploads\/2018\/11\/cropped-cropped-cropped-logo_rvb_couleurs_horizontal_edpp-e1544882037341.png","width":200,"height":109,"caption":"Editions des petits pas"},"image":{"@id":"https:\/\/editionsdespetitspas.com\/#\/schema\/logo\/image\/"},"sameAs":["https:\/\/www.facebook.com\/editionsdespetitspas","https:\/\/www.instagram.com\/editions_des_petits_pas\/"]}]}},"jetpack_sharing_enabled":true,"_links":{"self":[{"href":"https:\/\/editionsdespetitspas.com\/index.php\/wp-json\/wp\/v2\/pages\/18886","targetHints":{"allow":["GET"]}}],"collection":[{"href":"https:\/\/editionsdespetitspas.com\/index.php\/wp-json\/wp\/v2\/pages"}],"about":[{"href":"https:\/\/editionsdespetitspas.com\/index.php\/wp-json\/wp\/v2\/types\/page"}],"author":[{"embeddable":true,"href":"https:\/\/editionsdespetitspas.com\/index.php\/wp-json\/wp\/v2\/users\/2"}],"replies":[{"embeddable":true,"href":"https:\/\/editionsdespetitspas.com\/index.php\/wp-json\/wp\/v2\/comments?post=18886"}],"version-history":[{"count":9,"href":"https:\/\/editionsdespetitspas.com\/index.php\/wp-json\/wp\/v2\/pages\/18886\/revisions"}],"predecessor-version":[{"id":19617,"href":"https:\/\/editionsdespetitspas.com\/index.php\/wp-json\/wp\/v2\/pages\/18886\/revisions\/19617"}],"wp:attachment":[{"href":"https:\/\/editionsdespetitspas.com\/index.php\/wp-json\/wp\/v2\/media?parent=18886"}],"curies":[{"name":"wp","href":"https:\/\/api.w.org\/{rel}","templated":true}]}}