{"id":129,"date":"2018-12-16T21:20:47","date_gmt":"2018-12-16T20:20:47","guid":{"rendered":"http:\/\/editionsdespetitspas.com\/?page_id=129"},"modified":"2022-04-25T18:35:11","modified_gmt":"2022-04-25T16:35:11","slug":"contactez-nous","status":"publish","type":"page","link":"https:\/\/editionsdespetitspas.com\/index.php\/contactez-nous\/","title":{"rendered":"Contactez-nous"},"content":{"rendered":"<div class=\"inherit-container-width wp-block-group is-layout-constrained wp-block-group-is-layout-constrained\"><div class=\"wp-block-image is-style-default\"><figure class=\"alignleft size-full is-resized\"><img decoding=\"async\" src=\"https:\/\/editionsdespetitspas.com\/wp-content\/uploads\/2018\/12\/IMG_1513-e1650903774807.jpg\" alt=\"\" class=\"wp-image-81\" width=\"200\"\/><\/figure><\/div>\n\n<p class=\"has-text-align-left has-medium-font-size\">Vous avez des questions, suggestions, remarques? Vous souhaiteriez parler de votre projet, de votre profil ou de votre d\u00e9marche p\u00e9dagogique dans le Podcast des Petits Pas? N&rsquo;h\u00e9sitez pas \u00e0 nous envoyer un mot doux directement sur <a href=\"https:\/\/www.instagram.com\/editions_des_petits_pas\/\">Instagram<\/a> et sur <a href=\"https:\/\/www.facebook.com\/editionsdespetitspas\/\">Facebook<\/a>.<\/p><\/div><p><\/p>","protected":false},"excerpt":{"rendered":"<p>Vous avez des questions, suggestions, remarques? Vous souhaiteriez parler de votre projet, de votre profil ou de votre d\u00e9marche p\u00e9dagogique dans le Podcast des Petits Pas? N&rsquo;h\u00e9sitez pas \u00e0 nous envoyer un mot doux directement sur Instagram et sur Facebook.<\/p>\n","protected":false},"author":2,"featured_media":0,"parent":0,"menu_order":0,"comment_status":"closed","ping_status":"closed","template":"","meta":{"site-sidebar-layout":"default","site-content-layout":"","ast-site-content-layout":"","site-content-style":"default","site-sidebar-style":"default","ast-global-header-display":"","ast-banner-title-visibility":"","ast-main-header-display":"","ast-hfb-above-header-display":"","ast-hfb-below-header-display":"","ast-hfb-mobile-header-display":"","site-post-title":"","ast-breadcrumbs-content":"","ast-featured-img":"","footer-sml-layout":"","theme-transparent-header-meta":"","adv-header-id-meta":"","stick-header-meta":"","header-above-stick-meta":"","header-main-stick-meta":"","header-below-stick-meta":"","astra-migrate-meta-layouts":"default","ast-page-background-enabled":"default","ast-page-background-meta":{"desktop":{"background-color":"var(--ast-global-color-4)","background-image":"","background-repeat":"repeat","background-position":"center center","background-size":"auto","background-attachment":"scroll","background-type":"","background-media":"","overlay-type":"","overlay-color":"","overlay-opacity":"","overlay-gradient":""},"tablet":{"background-color":"","background-image":"","background-repeat":"repeat","background-position":"center center","background-size":"auto","background-attachment":"scroll","background-type":"","background-media":"","overlay-type":"","overlay-color":"","overlay-opacity":"","overlay-gradient":""},"mobile":{"background-color":"","background-image":"","background-repeat":"repeat","background-position":"center center","background-size":"auto","background-attachment":"scroll","background-type":"","background-media":"","overlay-type":"","overlay-color":"","overlay-opacity":"","overlay-gradient":""}},"ast-content-background-meta":{"desktop":{"background-color":"var(--ast-global-color-5)","background-image":"","background-repeat":"repeat","background-position":"center center","background-size":"auto","background-attachment":"scroll","background-type":"","background-media":"","overlay-type":"","overlay-color":"","overlay-opacity":"","overlay-gradient":""},"tablet":{"background-color":"var(--ast-global-color-5)","background-image":"","background-repeat":"repeat","background-position":"center center","background-size":"auto","background-attachment":"scroll","background-type":"","background-media":"","overlay-type":"","overlay-color":"","overlay-opacity":"","overlay-gradient":""},"mobile":{"background-color":"var(--ast-global-color-5)","background-image":"","background-repeat":"repeat","background-position":"center center","background-size":"auto","background-attachment":"scroll","background-type":"","background-media":"","overlay-type":"","overlay-color":"","overlay-opacity":"","overlay-gradient":""}},"footnotes":""},"class_list":["post-129","page","type-page","status-publish","hentry"],"yoast_head":"<!-- This site is optimized with the Yoast SEO plugin v24.3 - https:\/\/yoast.com\/wordpress\/plugins\/seo\/ -->\n<title>Contactez-nous - Editions des Petits Pas<\/title>\n<meta name=\"robots\" content=\"index, follow, max-snippet:-1, max-image-preview:large, max-video-preview:-1\" \/>\n<link rel=\"canonical\" href=\"https:\/\/editionsdespetitspas.com\/index.php\/contactez-nous\/\" \/>\n<meta property=\"og:locale\" content=\"fr_FR\" \/>\n<meta property=\"og:type\" content=\"article\" \/>\n<meta property=\"og:title\" content=\"Contactez-nous - Editions des Petits Pas\" \/>\n<meta property=\"og:description\" content=\"Vous avez des questions, suggestions, remarques? Vous souhaiteriez parler de votre projet, de votre profil ou de votre d\u00e9marche p\u00e9dagogique dans le Podcast des Petits Pas? N&rsquo;h\u00e9sitez pas \u00e0 nous envoyer un mot doux directement sur Instagram et sur Facebook.\" \/>\n<meta property=\"og:url\" content=\"https:\/\/editionsdespetitspas.com\/index.php\/contactez-nous\/\" \/>\n<meta property=\"og:site_name\" content=\"Editions des Petits Pas\" \/>\n<meta property=\"article:publisher\" content=\"https:\/\/www.facebook.com\/editionsdespetitspas\" \/>\n<meta property=\"article:modified_time\" content=\"2022-04-25T16:35:11+00:00\" \/>\n<meta property=\"og:image\" content=\"https:\/\/editionsdespetitspas.com\/wp-content\/uploads\/2018\/12\/IMG_1513-768x1024.jpg\" \/>\n\t<meta property=\"og:image:width\" content=\"768\" \/>\n\t<meta property=\"og:image:height\" content=\"1024\" \/>\n\t<meta property=\"og:image:type\" content=\"image\/jpeg\" \/>\n<meta name=\"twitter:card\" content=\"summary_large_image\" \/>\n<script type=\"application\/ld+json\" class=\"yoast-schema-graph\">{\"@context\":\"https:\/\/schema.org\",\"@graph\":[{\"@type\":\"WebPage\",\"@id\":\"https:\/\/editionsdespetitspas.com\/index.php\/contactez-nous\/\",\"url\":\"https:\/\/editionsdespetitspas.com\/index.php\/contactez-nous\/\",\"name\":\"Contactez-nous - Editions des Petits Pas\",\"isPartOf\":{\"@id\":\"https:\/\/editionsdespetitspas.com\/#website\"},\"primaryImageOfPage\":{\"@id\":\"https:\/\/editionsdespetitspas.com\/index.php\/contactez-nous\/#primaryimage\"},\"image\":{\"@id\":\"https:\/\/editionsdespetitspas.com\/index.php\/contactez-nous\/#primaryimage\"},\"thumbnailUrl\":\"https:\/\/editionsdespetitspas.com\/wp-content\/uploads\/2018\/12\/IMG_1513-e1650903774807.jpg\",\"datePublished\":\"2018-12-16T20:20:47+00:00\",\"dateModified\":\"2022-04-25T16:35:11+00:00\",\"breadcrumb\":{\"@id\":\"https:\/\/editionsdespetitspas.com\/index.php\/contactez-nous\/#breadcrumb\"},\"inLanguage\":\"fr-FR\",\"potentialAction\":[{\"@type\":\"ReadAction\",\"target\":[\"https:\/\/editionsdespetitspas.com\/index.php\/contactez-nous\/\"]}]},{\"@type\":\"ImageObject\",\"inLanguage\":\"fr-FR\",\"@id\":\"https:\/\/editionsdespetitspas.com\/index.php\/contactez-nous\/#primaryimage\",\"url\":\"https:\/\/editionsdespetitspas.com\/wp-content\/uploads\/2018\/12\/IMG_1513-e1650903774807.jpg\",\"contentUrl\":\"https:\/\/editionsdespetitspas.com\/wp-content\/uploads\/2018\/12\/IMG_1513-e1650903774807.jpg\",\"width\":450,\"height\":600},{\"@type\":\"BreadcrumbList\",\"@id\":\"https:\/\/editionsdespetitspas.com\/index.php\/contactez-nous\/#breadcrumb\",\"itemListElement\":[{\"@type\":\"ListItem\",\"position\":1,\"name\":\"Accueil\",\"item\":\"https:\/\/editionsdespetitspas.com\/\"},{\"@type\":\"ListItem\",\"position\":2,\"name\":\"Contactez-nous\"}]},{\"@type\":\"WebSite\",\"@id\":\"https:\/\/editionsdespetitspas.com\/#website\",\"url\":\"https:\/\/editionsdespetitspas.com\/\",\"name\":\"Editions des Petits Pas\",\"description\":\"Les p\u00e9dagogies... toutes les p\u00e9dagogies\",\"publisher\":{\"@id\":\"https:\/\/editionsdespetitspas.com\/#organization\"},\"potentialAction\":[{\"@type\":\"SearchAction\",\"target\":{\"@type\":\"EntryPoint\",\"urlTemplate\":\"https:\/\/editionsdespetitspas.com\/?s={search_term_string}\"},\"query-input\":{\"@type\":\"PropertyValueSpecification\",\"valueRequired\":true,\"valueName\":\"search_term_string\"}}],\"inLanguage\":\"fr-FR\"},{\"@type\":\"Organization\",\"@id\":\"https:\/\/editionsdespetitspas.com\/#organization\",\"name\":\"Editions des petits pas\",\"url\":\"https:\/\/editionsdespetitspas.com\/\",\"logo\":{\"@type\":\"ImageObject\",\"inLanguage\":\"fr-FR\",\"@id\":\"https:\/\/editionsdespetitspas.com\/#\/schema\/logo\/image\/\",\"url\":\"https:\/\/editionsdespetitspas.com\/wp-content\/uploads\/2018\/11\/cropped-cropped-cropped-logo_rvb_couleurs_horizontal_edpp-e1544882037341.png\",\"contentUrl\":\"https:\/\/editionsdespetitspas.com\/wp-content\/uploads\/2018\/11\/cropped-cropped-cropped-logo_rvb_couleurs_horizontal_edpp-e1544882037341.png\",\"width\":200,\"height\":109,\"caption\":\"Editions des petits pas\"},\"image\":{\"@id\":\"https:\/\/editionsdespetitspas.com\/#\/schema\/logo\/image\/\"},\"sameAs\":[\"https:\/\/www.facebook.com\/editionsdespetitspas\",\"https:\/\/www.instagram.com\/editions_des_petits_pas\/\"]}]}<\/script>\n<!-- \/ Yoast SEO plugin. -->","yoast_head_json":{"title":"Contactez-nous - Editions des Petits Pas","robots":{"index":"index","follow":"follow","max-snippet":"max-snippet:-1","max-image-preview":"max-image-preview:large","max-video-preview":"max-video-preview:-1"},"canonical":"https:\/\/editionsdespetitspas.com\/index.php\/contactez-nous\/","og_locale":"fr_FR","og_type":"article","og_title":"Contactez-nous - Editions des Petits Pas","og_description":"Vous avez des questions, suggestions, remarques? Vous souhaiteriez parler de votre projet, de votre profil ou de votre d\u00e9marche p\u00e9dagogique dans le Podcast des Petits Pas? N&rsquo;h\u00e9sitez pas \u00e0 nous envoyer un mot doux directement sur Instagram et sur Facebook.","og_url":"https:\/\/editionsdespetitspas.com\/index.php\/contactez-nous\/","og_site_name":"Editions des Petits Pas","article_publisher":"https:\/\/www.facebook.com\/editionsdespetitspas","article_modified_time":"2022-04-25T16:35:11+00:00","og_image":[{"width":768,"height":1024,"url":"https:\/\/editionsdespetitspas.com\/wp-content\/uploads\/2018\/12\/IMG_1513-768x1024.jpg","type":"image\/jpeg"}],"twitter_card":"summary_large_image","schema":{"@context":"https:\/\/schema.org","@graph":[{"@type":"WebPage","@id":"https:\/\/editionsdespetitspas.com\/index.php\/contactez-nous\/","url":"https:\/\/editionsdespetitspas.com\/index.php\/contactez-nous\/","name":"Contactez-nous - Editions des Petits Pas","isPartOf":{"@id":"https:\/\/editionsdespetitspas.com\/#website"},"primaryImageOfPage":{"@id":"https:\/\/editionsdespetitspas.com\/index.php\/contactez-nous\/#primaryimage"},"image":{"@id":"https:\/\/editionsdespetitspas.com\/index.php\/contactez-nous\/#primaryimage"},"thumbnailUrl":"https:\/\/editionsdespetitspas.com\/wp-content\/uploads\/2018\/12\/IMG_1513-e1650903774807.jpg","datePublished":"2018-12-16T20:20:47+00:00","dateModified":"2022-04-25T16:35:11+00:00","breadcrumb":{"@id":"https:\/\/editionsdespetitspas.com\/index.php\/contactez-nous\/#breadcrumb"},"inLanguage":"fr-FR","potentialAction":[{"@type":"ReadAction","target":["https:\/\/editionsdespetitspas.com\/index.php\/contactez-nous\/"]}]},{"@type":"ImageObject","inLanguage":"fr-FR","@id":"https:\/\/editionsdespetitspas.com\/index.php\/contactez-nous\/#primaryimage","url":"https:\/\/editionsdespetitspas.com\/wp-content\/uploads\/2018\/12\/IMG_1513-e1650903774807.jpg","contentUrl":"https:\/\/editionsdespetitspas.com\/wp-content\/uploads\/2018\/12\/IMG_1513-e1650903774807.jpg","width":450,"height":600},{"@type":"BreadcrumbList","@id":"https:\/\/editionsdespetitspas.com\/index.php\/contactez-nous\/#breadcrumb","itemListElement":[{"@type":"ListItem","position":1,"name":"Accueil","item":"https:\/\/editionsdespetitspas.com\/"},{"@type":"ListItem","position":2,"name":"Contactez-nous"}]},{"@type":"WebSite","@id":"https:\/\/editionsdespetitspas.com\/#website","url":"https:\/\/editionsdespetitspas.com\/","name":"Editions des Petits Pas","description":"Les p\u00e9dagogies... toutes les p\u00e9dagogies","publisher":{"@id":"https:\/\/editionsdespetitspas.com\/#organization"},"potentialAction":[{"@type":"SearchAction","target":{"@type":"EntryPoint","urlTemplate":"https:\/\/editionsdespetitspas.com\/?s={search_term_string}"},"query-input":{"@type":"PropertyValueSpecification","valueRequired":true,"valueName":"search_term_string"}}],"inLanguage":"fr-FR"},{"@type":"Organization","@id":"https:\/\/editionsdespetitspas.com\/#organization","name":"Editions des petits pas","url":"https:\/\/editionsdespetitspas.com\/","logo":{"@type":"ImageObject","inLanguage":"fr-FR","@id":"https:\/\/editionsdespetitspas.com\/#\/schema\/logo\/image\/","url":"https:\/\/editionsdespetitspas.com\/wp-content\/uploads\/2018\/11\/cropped-cropped-cropped-logo_rvb_couleurs_horizontal_edpp-e1544882037341.png","contentUrl":"https:\/\/editionsdespetitspas.com\/wp-content\/uploads\/2018\/11\/cropped-cropped-cropped-logo_rvb_couleurs_horizontal_edpp-e1544882037341.png","width":200,"height":109,"caption":"Editions des petits pas"},"image":{"@id":"https:\/\/editionsdespetitspas.com\/#\/schema\/logo\/image\/"},"sameAs":["https:\/\/www.facebook.com\/editionsdespetitspas","https:\/\/www.instagram.com\/editions_des_petits_pas\/"]}]}},"jetpack_sharing_enabled":true,"_links":{"self":[{"href":"https:\/\/editionsdespetitspas.com\/index.php\/wp-json\/wp\/v2\/pages\/129","targetHints":{"allow":["GET"]}}],"collection":[{"href":"https:\/\/editionsdespetitspas.com\/index.php\/wp-json\/wp\/v2\/pages"}],"about":[{"href":"https:\/\/editionsdespetitspas.com\/index.php\/wp-json\/wp\/v2\/types\/page"}],"author":[{"embeddable":true,"href":"https:\/\/editionsdespetitspas.com\/index.php\/wp-json\/wp\/v2\/users\/2"}],"replies":[{"embeddable":true,"href":"https:\/\/editionsdespetitspas.com\/index.php\/wp-json\/wp\/v2\/comments?post=129"}],"version-history":[{"count":7,"href":"https:\/\/editionsdespetitspas.com\/index.php\/wp-json\/wp\/v2\/pages\/129\/revisions"}],"predecessor-version":[{"id":20019,"href":"https:\/\/editionsdespetitspas.com\/index.php\/wp-json\/wp\/v2\/pages\/129\/revisions\/20019"}],"wp:attachment":[{"href":"https:\/\/editionsdespetitspas.com\/index.php\/wp-json\/wp\/v2\/media?parent=129"}],"curies":[{"name":"wp","href":"https:\/\/api.w.org\/{rel}","templated":true}]}}